{"id":7968,"date":"2025-08-05T08:36:29","date_gmt":"2025-08-05T08:36:29","guid":{"rendered":"https:\/\/themegavias.com\/wp\/indutri\/?page_id=7968"},"modified":"2025-08-07T06:33:40","modified_gmt":"2025-08-07T06:33:40","slug":"news","status":"publish","type":"page","link":"https:\/\/apsu.cl\/?page_id=7968","title":{"rendered":"Actualidad"},"content":{"rendered":"\t\t<div data-elementor-type=\"wp-page\" data-elementor-id=\"7968\" class=\"elementor elementor-7968\">\n\t\t\t\t\t\t<section class=\"elementor-section elementor-top-section elementor-element elementor-element-adc65de elementor-section-boxed elementor-section-height-default elementor-section-height-default\" data-id=\"adc65de\" data-element_type=\"section\">\n\t\t\t\t\t\t<div class=\"elementor-container elementor-column-gap-default\">\n\t\t\t\t\t<div class=\"elementor-column elementor-col-100 elementor-top-column elementor-element elementor-element-474e27b top column-style-top\" data-id=\"474e27b\" data-element_type=\"column\">\n\t\t\t<div class=\"elementor-widget-wrap elementor-element-populated\">\n\t\t\t\t\t\t<div class=\"elementor-element elementor-element-a83bab2 elementor-widget elementor-widget-gva-posts\" data-id=\"a83bab2\" data-element_type=\"widget\" data-widget_type=\"gva-posts.default\">\n\t\t\t\t<div class=\"elementor-widget-container\">\n\t\t\t\t\t<div class=\"gva-element-gva-posts gva-element\">  \r\n  <div class=\"gva-posts-grid clearfix gva-posts\">\r\n      <div class=\"gva-content-items\"> \r\n        <div class=\"lg-block-grid-3 md-block-grid-3 sm-block-grid-2 xs-block-grid-1 xx-block-grid-1\">\r\n          \r\n<div class=\"all tecnologia  item-columns\">\r\n   <article id=\"post-10979\" class=\"post-10979 post type-post status-publish format-video has-post-thumbnail hentry category-tecnologia post_format-post-format-video\">\r\n      <div class=\"post-block post-style-1\">\r\n         <div class=\"post-thumbnail\">\r\n            <a href=\"https:\/\/apsu.cl\/?p=10979\">\r\n               <img fetchpriority=\"high\" decoding=\"async\" width=\"600\" height=\"455\" src=\"https:\/\/apsu.cl\/wp-content\/uploads\/2025\/08\/servidores-computacionales-600x455.jpg\" class=\"attachment-post-thumbnail size-post-thumbnail wp-post-image\" alt=\"Instalaciones Inform\u00e1ticas: Base Fundamental para la Transformaci\u00f3n Digital\" \/>            <\/a>   \r\n         <\/div>   \r\n\r\n         <div class=\"entry-content\">\r\n            <div class=\"content-inner\">\r\n               <div class=\"entry-meta\">\r\n                  \r\n    <div class=\"meta-inline\"><span class=\"entry-date\">agosto 7, 2025<\/span><span class=\"line\">-<\/span><span class=\"post-comment\">1 comentario<\/span><\/div>               <\/div> \r\n               <h2 class=\"entry-title\"><a href=\"https:\/\/apsu.cl\/?p=10979\" rel=\"bookmark\">Instalaciones Inform\u00e1ticas: Base Fundamental para la Transformaci\u00f3n Digital<\/a><\/h2>\r\n            <\/div>\r\n         <\/div>\r\n      <\/div>   \r\n   <\/article>   \r\n<\/div>\r\n\r\n  \r\n<div class=\"all tecnologia  item-columns\">\r\n   <article id=\"post-242\" class=\"post-242 post type-post status-publish format-standard has-post-thumbnail hentry category-tecnologia tag-mineria-en-chile\">\r\n      <div class=\"post-block post-style-1\">\r\n         <div class=\"post-thumbnail\">\r\n            <a href=\"https:\/\/apsu.cl\/?p=242\">\r\n               <img decoding=\"async\" width=\"600\" height=\"455\" src=\"https:\/\/apsu.cl\/wp-content\/uploads\/2025\/07\/sostenible-600x455.jpg\" class=\"attachment-post-thumbnail size-post-thumbnail wp-post-image\" alt=\"Innovaci\u00f3n Tecnol\u00f3gica Transforma la Miner\u00eda en Chile\" \/>            <\/a>   \r\n         <\/div>   \r\n\r\n         <div class=\"entry-content\">\r\n            <div class=\"content-inner\">\r\n               <div class=\"entry-meta\">\r\n                  \r\n    <div class=\"meta-inline\"><span class=\"entry-date\">agosto 3, 2025<\/span><span class=\"line\">-<\/span><span class=\"post-comment\">0 comentarios<\/span><\/div>               <\/div> \r\n               <h2 class=\"entry-title\"><a href=\"https:\/\/apsu.cl\/?p=242\" rel=\"bookmark\">Innovaci\u00f3n Tecnol\u00f3gica Transforma la Miner\u00eda en Chile<\/a><\/h2>\r\n            <\/div>\r\n         <\/div>\r\n      <\/div>   \r\n   <\/article>   \r\n<\/div>\r\n\r\n  \r\n<div class=\"all tecnologia  item-columns\">\r\n   <article id=\"post-243\" class=\"post-243 post type-post status-publish format-standard has-post-thumbnail hentry category-tecnologia tag-multimedia\">\r\n      <div class=\"post-block post-style-1\">\r\n         <div class=\"post-thumbnail\">\r\n            <a href=\"https:\/\/apsu.cl\/?p=243\">\r\n               <img decoding=\"async\" width=\"600\" height=\"455\" src=\"https:\/\/apsu.cl\/wp-content\/uploads\/2025\/07\/multi-600x455.jpg\" class=\"attachment-post-thumbnail size-post-thumbnail wp-post-image\" alt=\"Dise\u00f1o Multimedia: La Clave para la Comunicaci\u00f3n Visual Efectiva\" \/>            <\/a>   \r\n         <\/div>   \r\n\r\n         <div class=\"entry-content\">\r\n            <div class=\"content-inner\">\r\n               <div class=\"entry-meta\">\r\n                  \r\n    <div class=\"meta-inline\"><span class=\"entry-date\">julio 7, 2025<\/span><span class=\"line\">-<\/span><span class=\"post-comment\">0 comentarios<\/span><\/div>               <\/div> \r\n               <h2 class=\"entry-title\"><a href=\"https:\/\/apsu.cl\/?p=243\" rel=\"bookmark\">Dise\u00f1o Multimedia: La Clave para la Comunicaci\u00f3n Visual Efectiva<\/a><\/h2>\r\n            <\/div>\r\n         <\/div>\r\n      <\/div>   \r\n   <\/article>   \r\n<\/div>\r\n\r\n  \r\n<div class=\"all tecnologia  item-columns\">\r\n   <article id=\"post-257\" class=\"post-257 post type-post status-publish format-gallery has-post-thumbnail hentry category-tecnologia tag-publicidad-digital post_format-post-format-gallery\">\r\n      <div class=\"post-block post-style-1\">\r\n         <div class=\"post-thumbnail\">\r\n            <a href=\"https:\/\/apsu.cl\/?p=257\">\r\n               <img loading=\"lazy\" decoding=\"async\" width=\"600\" height=\"455\" src=\"https:\/\/apsu.cl\/wp-content\/uploads\/2025\/07\/inmobiliario-600x455.jpg\" class=\"attachment-post-thumbnail size-post-thumbnail wp-post-image\" alt=\"Publicidad Digital: Estrategias que Revolucionan el Mercado\" \/>            <\/a>   \r\n         <\/div>   \r\n\r\n         <div class=\"entry-content\">\r\n            <div class=\"content-inner\">\r\n               <div class=\"entry-meta\">\r\n                  \r\n    <div class=\"meta-inline\"><span class=\"entry-date\">julio 3, 2025<\/span><span class=\"line\">-<\/span><span class=\"post-comment\">1 comentario<\/span><\/div>               <\/div> \r\n               <h2 class=\"entry-title\"><a href=\"https:\/\/apsu.cl\/?p=257\" rel=\"bookmark\">Publicidad Digital: Estrategias que Revolucionan el Mercado<\/a><\/h2>\r\n            <\/div>\r\n         <\/div>\r\n      <\/div>   \r\n   <\/article>   \r\n<\/div>\r\n\r\n  \r\n<div class=\"all tecnologia  item-columns\">\r\n   <article id=\"post-254\" class=\"post-254 post type-post status-publish format-video has-post-thumbnail hentry category-tecnologia tag-construccion post_format-post-format-video\">\r\n      <div class=\"post-block post-style-1\">\r\n         <div class=\"post-thumbnail\">\r\n            <a href=\"https:\/\/apsu.cl\/?p=254\">\r\n               <img loading=\"lazy\" decoding=\"async\" width=\"600\" height=\"455\" src=\"https:\/\/apsu.cl\/wp-content\/uploads\/2025\/07\/construccion-y-tecnologia-600x455.jpg\" class=\"attachment-post-thumbnail size-post-thumbnail wp-post-image\" alt=\"Revoluci\u00f3n Digital en la Construcci\u00f3n: M\u00e1s Eficiencia y Calidad en Obras\" \/>            <\/a>   \r\n         <\/div>   \r\n\r\n         <div class=\"entry-content\">\r\n            <div class=\"content-inner\">\r\n               <div class=\"entry-meta\">\r\n                  \r\n    <div class=\"meta-inline\"><span class=\"entry-date\">julio 3, 2025<\/span><span class=\"line\">-<\/span><span class=\"post-comment\">0 comentarios<\/span><\/div>               <\/div> \r\n               <h2 class=\"entry-title\"><a href=\"https:\/\/apsu.cl\/?p=254\" rel=\"bookmark\">Revoluci\u00f3n Digital en la Construcci\u00f3n: M\u00e1s Eficiencia y Calidad en Obras<\/a><\/h2>\r\n            <\/div>\r\n         <\/div>\r\n      <\/div>   \r\n   <\/article>   \r\n<\/div>\r\n\r\n  \r\n<div class=\"all tecnologia  item-columns\">\r\n   <article id=\"post-252\" class=\"post-252 post type-post status-publish format-standard has-post-thumbnail hentry category-tecnologia tag-computadores\">\r\n      <div class=\"post-block post-style-1\">\r\n         <div class=\"post-thumbnail\">\r\n            <a href=\"https:\/\/apsu.cl\/?p=252\">\r\n               <img loading=\"lazy\" decoding=\"async\" width=\"600\" height=\"455\" src=\"https:\/\/apsu.cl\/wp-content\/uploads\/2025\/07\/teletrabajo-600x455.jpg\" class=\"attachment-post-thumbnail size-post-thumbnail wp-post-image\" alt=\"La Demanda de Computadores Crece en Chile Impulsada por el Teletrabajo\" \/>            <\/a>   \r\n         <\/div>   \r\n\r\n         <div class=\"entry-content\">\r\n            <div class=\"content-inner\">\r\n               <div class=\"entry-meta\">\r\n                  \r\n    <div class=\"meta-inline\"><span class=\"entry-date\">julio 3, 2025<\/span><span class=\"line\">-<\/span><span class=\"post-comment\">0 comentarios<\/span><\/div>               <\/div> \r\n               <h2 class=\"entry-title\"><a href=\"https:\/\/apsu.cl\/?p=252\" rel=\"bookmark\">La Demanda de Computadores Crece en Chile Impulsada por el Teletrabajo<\/a><\/h2>\r\n            <\/div>\r\n         <\/div>\r\n      <\/div>   \r\n   <\/article>   \r\n<\/div>\r\n\r\n          <\/div>\r\n      <\/div>\r\n                <div class=\"pagination\">\r\n                        <\/div>\r\n        <\/div>\r\n  <\/div>\t\t\t\t<\/div>\n\t\t\t\t<\/div>\n\t\t\t\t\t<\/div>\n\t\t<\/div>\n\t\t\t\t\t<\/div>\n\t\t<\/section>\n\t\t\t\t<\/div>\n\t\t","protected":false},"excerpt":{"rendered":"<p>January 3, 2016-1 comment We Believe in Building Long Lasting our Business Relationships January 3, 2016-0 comments Digital technology internships a win for students and businesses January 3, 2016-0 comments [&hellip;]<\/p>\n","protected":false},"author":1,"featured_media":0,"parent":0,"menu_order":0,"comment_status":"closed","ping_status":"closed","template":"","meta":{"footnotes":""},"class_list":["post-7968","page","type-page","status-publish","hentry"],"_links":{"self":[{"href":"https:\/\/apsu.cl\/index.php?rest_route=\/wp\/v2\/pages\/7968","targetHints":{"allow":["GET"]}}],"collection":[{"href":"https:\/\/apsu.cl\/index.php?rest_route=\/wp\/v2\/pages"}],"about":[{"href":"https:\/\/apsu.cl\/index.php?rest_route=\/wp\/v2\/types\/page"}],"author":[{"embeddable":true,"href":"https:\/\/apsu.cl\/index.php?rest_route=\/wp\/v2\/users\/1"}],"replies":[{"embeddable":true,"href":"https:\/\/apsu.cl\/index.php?rest_route=%2Fwp%2Fv2%2Fcomments&post=7968"}],"version-history":[{"count":1,"href":"https:\/\/apsu.cl\/index.php?rest_route=\/wp\/v2\/pages\/7968\/revisions"}],"predecessor-version":[{"id":11216,"href":"https:\/\/apsu.cl\/index.php?rest_route=\/wp\/v2\/pages\/7968\/revisions\/11216"}],"wp:attachment":[{"href":"https:\/\/apsu.cl\/index.php?rest_route=%2Fwp%2Fv2%2Fmedia&parent=7968"}],"curies":[{"name":"wp","href":"https:\/\/api.w.org\/{rel}","templated":true}]}}